{"id":29,"date":"2017-02-16T08:43:41","date_gmt":"2017-02-16T08:43:41","guid":{"rendered":"http:\/\/www.tadicmarko.com\/web\/?page_id=29"},"modified":"2019-10-02T10:36:29","modified_gmt":"2019-10-02T10:36:29","slug":"bio","status":"publish","type":"page","link":"https:\/\/www.tadicmarko.com\/web\/bio\/","title":{"rendered":"Bio"},"content":{"rendered":"<p><strong>Short Bio<\/strong><\/p>\n<p>Studied painting the Accademia di Belle Arti, Florence.<br \/>\nHis artistic practice is in drawing, installation and animation.<br \/>\nWinner of numerous art prizes (2015. the Vladimir Nazor award for the best exhibition, 2012. award for the best design at the festival of Croatian animation FHAF, 2010. third award at the exhibition T-HT@MSU In Zagreb and in<br \/>\n2008. the Radoslav Putar Award for best young contemporary artist.<br \/>\nParticipated in many residential programs in Helsinki, New York, Los Angeles, Frankfurt Am Main and Vienna.<br \/>\nCollaborated with the Art Academy in Zagreb at workshops for students as tutor for the workshop of Artist Books, Field recordings and Radio Dramas. Works at the Academy of fine arts in Zagreb, Croatia.<br \/>\nHis films have been shown on many international animation film festivals and experimental film festivals.<br \/>\nHis works have been exhibited on many solo and group exhibitions around the world.<br \/>\nIn 2017 along with Tina Gverovi\u0107 he is representing Croatia at the 57th Venice Biennale.<\/p>\n<p><strong>Full Bio<\/strong><\/p>\n<p><strong>Education:<\/strong><br \/>\nCroatian Studies, Philosophy and Sociology, Zagreb, Croatia<br \/>\nAccademia di belle Arti , Painting, Florence, Italy <\/p>\n<p><strong>Solo Exhibitions:<\/strong><\/p>\n<p><strong>2018.\u00a0<\/strong>Hu\u0161man Huzjan Tadi\u0107, The French Pavillion, Zagreb, Croatia<\/p>\n<p><strong>2018.\u00a0<\/strong>The shifting meaning, Dubrovnik summer festival, Croatia<\/p>\n<p><strong>2017<\/strong>. Horizon of Expectations, Croatian Pavillion at the Venice Biennale, Arsenale, Venice, Italy<\/p>\n<p><strong>2017<\/strong>. Duty to document, Spot Gallery, Zagreb, Croatia<\/p>\n<p><strong>2017<\/strong>. Drawings on the Margine: Constructions and Fractions, Krsto Hegedusic Gallery, Petrinja, Croatia<\/p>\n<p><strong>2017<\/strong>. Man standing in a museum looking at something, Richter Collection, Zagreb, Croatia<\/p>\n<p><strong>2016<\/strong>. Imagine a moving image, Laura Bulian Ballery, Milano, Italy<br \/>\nTable of contents, Otok Gallery, Dubrovnik, Croatia<br \/>\nThis is not a museum, Apoteka Gallery, Vodnjan, Croatia<br \/>\nTemporary form, VN Gallery, Zagreb, Croatia<\/p>\n<p><strong>2015<\/strong>. Tables and shelves, Striegl Gallery, Sisak, Croatia<br \/>\nTable of contents, \u0160kola Gallery, Split Croatia<br \/>\n<strong>2014<\/strong>. An exhibition with Marko Tadi\u0107, Marko Tadi\u0107 didn\u2019t write about. (with I\u0161tvan I\u0161t Huzjan), Super Deals, Brussels, Belgium<br \/>\nA gaze in wonder (a retrospective of films), Gal\u017eenica Gallery, Velika Gorica, Croatia<br \/>\nThe Books, VN Gallery, Zagreb, Croatia<\/p>\n<p><strong>2013<\/strong>. Ana Hu\u0161man\/Marko Tadi\u0107, SC Gallery, Zagreb, Croatia<br \/>\nImagine a moving image, Lauba, Zagreb, Croatia<\/p>\n<p><strong>2012<\/strong>. The stars look different today, Dovin Gallery, Budapest, Hungary<br \/>\n(with Pavla Scerankova and Fridvalszki Mark)<br \/>\nO\u010dko \/ Tadi\u0107, Esam, Caen Cherbourg, France<\/p>\n<p><strong>2011<\/strong>. I am to wait, Waldinger Gallery, Osijek, Croatia<\/p>\n<p><strong>2010<\/strong>. Nicolaj Dudek and Marko Tadic, Lazareti, Dubrovnik, Croatia(with Nicolaj Dudek)<\/p>\n<p><strong>2009<\/strong>. \u201cI speak true things\u201d Miroslav Kraljevic Gallery, Zagreb, Croatia<br \/>\nDrawings and animations, Matica Hrvatska, Sisak, Croatia Salon ISCP (with Bekim Gllogu), Iscp New York, USA<\/p>\n<p><strong>2008<\/strong>. Radoslav Putar Award Finals, Gal\u017eenica Gallery, Velika Gorica, Croatia<br \/>\nPostkarten, CKO Gallery, Zagreb, Croatia<\/p>\n<p><strong>2007<\/strong>. Linienstrasse113 Project, Linienstrasse113 Gallery, Berlin, Germany<br \/>\nSouvenirs, VN Gallery; Zagreb, Croatia<br \/>\nStoryboards, Gal\u017eenica Gallery, Velika Gorica, Croatia<\/p>\n<p><strong>2005<\/strong>. Above the Clouds ( with Vedran Perkov),Josip Ra\u010di\u0107 Gallery, Zagreb, Croatia<\/p>\n<p><strong>2003<\/strong>. Household, Nova Gallery; Zagreb, Croatia<\/p>\n<p><strong>Group Exhibitions<\/strong><\/p>\n<p><strong>2018.<\/strong>\u00a0Second Industrial Art Biennial-On the shoulders of fallen giants-curated \u00a0 \u00a0 \u00a0 \u00a0 \u00a0by WHW.<\/p>\n<p>I am the Mouth, Museum of contemporary art, Zagreb, Croatia<\/p>\n<p><strong>2017<\/strong>. The Szechwan Tale: Theatre and History &#8211; 1st Anren Biennale, Anren, China<\/p>\n<p><strong>2017<\/strong>. Architecture in contemporary art, Galerija umjetnina, Split, Croatia<\/p>\n<p><strong>2016<\/strong>. Nordung, Waldinger Gallery, Osijek, Croatia<\/p>\n<p><strong>2014<\/strong>. THEY USED TO CALL IT MOON, Baltic Mill, Newcastle, England<br \/>\n(Artists: Katy Cole, Caroline Corbasson, Aaron Guy, Thomas Ireland, the Kubrick Archive, Michael Light, Kate Liston, Aleksandra Mir, Michael Mulvihill, Mehreen Murtaza, Liam Murray, Trevor Paglen, Katie Paterson, Joseph Popper, Sophy Rickett, Aura Satz, Simon Starling, Marko Tadi\u0107, Wolfgang Tillmans )<br \/>\nNordung, MMC Luka, Pula, Croatia <a style=\"display: none;\" href=\"https:\/\/www.copy-swiss.me\/\">www.copy-swiss.me<\/a><br \/>\nNotes on undoing, Garis &amp; Hahn Gallery, New York, USA<br \/>\nPaper movies, MMC Luka, Pula, Croatia<\/p>\n<p><strong>2013<\/strong>. ONLY TO MELT, TRUSTINGLY, WITHOUT REPROACH, \u0160kuc Gallery, Ljubljana Slovenia (Curators: Magdalena Zi\u00f3\u0142kowska, Tev\u017e Logar.<br \/>\nArtists: Bani Abidi, Bas Jan Ader, Esad Baba\u010di\u0107, FORT, Hreinn Fridfinsson,Lasse Schmidt Hansen, David Horvitz, \u017deljko Jerman, Jacek Kryszkowski, Lee Lozano, Jerzy Ludwi\u0144ski, Ruth Oppenheim, Agnieszka Piksa, Camila Rocha, Julika Rudelius, Ariel Schlesinger, Ulay, Marko Tadi\u0107 )<br \/>\nArtist\u2019s Book, Gal\u017eenica Gallery, Velika Gorica, Croatia<br \/>\n18th international drawing exhibition \/ 18DC<br \/>\nMuseum of modern and contemporary art, Rijeka, Croatia<\/p>\n<p><strong>2011<\/strong>. Second World, Steirischer Herbst Festival, Graz, Austria<br \/>\nSecond World, Nova Gallery, Zagreb, Croatia<\/p>\n<p><strong>2010<\/strong>. 255 804 km2, Brot-Hilger Kunsthalle, Vienna, Austria<br \/>\n255 804km2, Mestna Gallery, Ljubljana, Slovenia<br \/>\nPicture of Sound, No Gallery, MSU, Zagreb, Croatia<br \/>\n&#8220;FRANKFURT IN\u2026ANTWERPEN BUDAPEST DUBLIN DUBROVNIK HELSINKI SALZBURG SEOUL STRASSBURG WIEN<br \/>\n&#8230;IN FRANKFURT&#8221;, Atelier Frankfurt, Frankfurt, Germany<br \/>\nClueless \/ geometry of misunderstanding, Manifattura Tabacchi, Torino, Italia<br \/>\nVienna Art Fair, Vienna, Austria<br \/>\nT-HT@MSU, MSU Zagreb, Croatia<br \/>\nWhat\u2019s happening ? Stereo Exhibition, Mestna Galerija, Nova Gorica, Slovenia<\/p>\n<p><strong>2009<\/strong>. \u201cAnd then nothing turned itself inside out\u201d, WUK Kunsthalle, Vienna, Austria (curated by Antonija Majaca and Ivana Bago)<br \/>\n\u201c28th Biennial of Graphic Arts\u201d, Ljubljana, Slovenia<br \/>\n\u201cIllustrative 09\u201d, Festival, Berlin, Germany<br \/>\n\u201cGrenzenlos\u201d, MMSU, Rijeka, Croatia<br \/>\n\u201cFinancial District\u201d, organized by Miguel Amado, International Studio &amp; Curatorial Program OPEN STUDIOS, New York<br \/>\nVISITING, MUU and FAFA Galleries, Helsinki, Finland<br \/>\n\u201cOn Paper\u201d, Aneks Gallery, Pula, Croatia<br \/>\n49th Annale, Istrian Chamber, Porec, Croatia<br \/>\nFinalists, Labin City Gallery, Labin, Croatia<br \/>\nThe price of Art, AZ Gallery, Zagreb, Croatia<\/p>\n<p><strong>2008<\/strong>. T-HT@MSU, HDLU Gallery, Zagreb, Croatia<br \/>\nWe are here, Istria Museum of Contemporary art, Pula , Croatia<br \/>\nDonumenta, Regensburg , Germany<br \/>\nBoys and their toys, SC Gallery, Zagreb, Croatia<br \/>\nGlow festival, Los Angeles, USA<br \/>\nCroatia first minute, Avesta, Sweden<br \/>\nRadoslav Putar Award Finals, Gal\u017eenica Gallery, Velika Gorica, Croatia<br \/>\n113 days after, Linienstrasse113 Gallery, Berlin, Germany<\/p>\n<p><strong>2007<\/strong>. T-HT@MSU, Velesajam, Zagreb, Croatia<br \/>\nHeroes in transition, Angel Row Gallery, Nottingham, England<br \/>\nSalon, Velesajam, Zagreb, Croatia<\/p>\n<p><strong>2006<\/strong>. Peer to peer Art, Nova Gallery, Zagreb, Croatia<br \/>\nYouth Salon, HDLU, Zagreb, Croatia<\/p>\n<p><strong>2005<\/strong>. Arsenal, Zadar, Croatia<br \/>\nFour authors and a picture, Zlarin, Croatia<\/p>\n<p><strong>2004<\/strong>. Side Effects, Nova Gallery, Zagreb, Croatia; , Contemporary art museum, Belgrade, Serbia<\/p>\n<p><strong>2003<\/strong>. In the Gorges of Balkans, Fridericianum, Kassel, Germany<br \/>\nRuotati, Firenze, Italy<br \/>\nKontakt, Sisak, Croatia<\/p>\n<p><strong>2002<\/strong>. Start, Mestna Gallery, Ljubljana, Slovenia; Karas Gallery, Zagreb, Croatia<\/p>\n<p><strong>Awards<\/strong>:<\/p>\n<p><strong>2015<\/strong>. Vladimir Nazor Award, Zagreb, Croatia<br \/>\n<strong>2010<\/strong>.Third Award on the exhibition T-HT@MSU, Zagreb, Croatia<br \/>\n<strong>2008<\/strong>. Radoslav Putar Award (YVAA &#8211; Young Visual artists Award ), Zagreb, Croatia<br \/>\n<strong>2006<\/strong>. Youth Salon, Zagreb, Croatia-Award for Drawing<br \/>\n<strong>2001<\/strong>. Youth Salon, Sisak, Croatia \u2013 First Prize<br \/>\n<strong>2000<\/strong>. Youth Salon, Sisak, Croatia \u2013 First Prize<\/p>\n<p><strong>Fellowships<\/strong>:<\/p>\n<p><strong>2012<\/strong>. HIAP, Helsinki, Finland<br \/>\n<strong>2010<\/strong>. Kultur Bunker, Frankfurt am Main, Germany<br \/>\n<strong>2009<\/strong>. YVAA &#8211; Young Visual artists Awards, New York, USA<br \/>\n<strong>2008<\/strong>. Kulturkontakt, Vienna, Austria<br \/>\n18tth Street Art Center, Santa Monica<\/p>\n<p><strong>Workshops<\/strong>:<\/p>\n<p><strong>2004<\/strong>. Speak up, Malmo, Sweden<\/p>\n","protected":false},"excerpt":{"rendered":"<p>Short Bio Studied painting the Accademia di Belle Arti, Florence. His artistic practice is in drawing, installation and animation. Winner of numerous art prizes (2015. the Vladimir Nazor award for the best exhibition, 2012. award for the best design at the festival of Croatian animation FHAF, 2010. third award at the exhibition T-HT@MSU In Zagreb &hellip; <\/p>\n<p class=\"link-more\"><a href=\"https:\/\/www.tadicmarko.com\/web\/bio\/\" class=\"more-link\">Continue reading<span class=\"screen-reader-text\"> &#8220;Bio&#8221;<\/span><\/a><\/p>\n","protected":false},"author":1,"featured_media":0,"parent":0,"menu_order":0,"comment_status":"closed","ping_status":"closed","template":"","meta":{"footnotes":""},"_links":{"self":[{"href":"https:\/\/www.tadicmarko.com\/web\/wp-json\/wp\/v2\/pages\/29"}],"collection":[{"href":"https:\/\/www.tadicmarko.com\/web\/wp-json\/wp\/v2\/pages"}],"about":[{"href":"https:\/\/www.tadicmarko.com\/web\/wp-json\/wp\/v2\/types\/page"}],"author":[{"embeddable":true,"href":"https:\/\/www.tadicmarko.com\/web\/wp-json\/wp\/v2\/users\/1"}],"replies":[{"embeddable":true,"href":"https:\/\/www.tadicmarko.com\/web\/wp-json\/wp\/v2\/comments?post=29"}],"version-history":[{"count":12,"href":"https:\/\/www.tadicmarko.com\/web\/wp-json\/wp\/v2\/pages\/29\/revisions"}],"predecessor-version":[{"id":1090,"href":"https:\/\/www.tadicmarko.com\/web\/wp-json\/wp\/v2\/pages\/29\/revisions\/1090"}],"wp:attachment":[{"href":"https:\/\/www.tadicmarko.com\/web\/wp-json\/wp\/v2\/media?parent=29"}],"curies":[{"name":"wp","href":"https:\/\/api.w.org\/{rel}","templated":true}]}}